{"id":871,"date":"2018-05-21T11:24:21","date_gmt":"2018-05-21T10:24:21","guid":{"rendered":"https:\/\/stalma.com.pl\/technologia\/procesy-produkcji\/"},"modified":"2026-02-13T10:36:28","modified_gmt":"2026-02-13T09:36:28","slug":"vyrobnich-procesu","status":"publish","type":"page","link":"https:\/\/stalma.com.pl\/cs\/technologie\/vyrobnich-procesu\/","title":{"rendered":"V\u00fdrobn\u00edch proces\u016f"},"content":{"rendered":"","protected":false},"excerpt":{"rendered":"","protected":false},"author":4,"featured_media":619,"parent":759,"menu_order":1,"comment_status":"closed","ping_status":"closed","template":"","meta":[],"acf":[],"_links":{"self":[{"href":"https:\/\/stalma.com.pl\/cs\/wp-json\/wp\/v2\/pages\/871"}],"collection":[{"href":"https:\/\/stalma.com.pl\/cs\/wp-json\/wp\/v2\/pages"}],"about":[{"href":"https:\/\/stalma.com.pl\/cs\/wp-json\/wp\/v2\/types\/page"}],"author":[{"embeddable":true,"href":"https:\/\/stalma.com.pl\/cs\/wp-json\/wp\/v2\/users\/4"}],"replies":[{"embeddable":true,"href":"https:\/\/stalma.com.pl\/cs\/wp-json\/wp\/v2\/comments?post=871"}],"version-history":[{"count":43,"href":"https:\/\/stalma.com.pl\/cs\/wp-json\/wp\/v2\/pages\/871\/revisions"}],"predecessor-version":[{"id":5390,"href":"https:\/\/stalma.com.pl\/cs\/wp-json\/wp\/v2\/pages\/871\/revisions\/5390"}],"up":[{"embeddable":true,"href":"https:\/\/stalma.com.pl\/cs\/wp-json\/wp\/v2\/pages\/759"}],"wp:featuredmedia":[{"embeddable":true,"href":"https:\/\/stalma.com.pl\/cs\/wp-json\/wp\/v2\/media\/619"}],"wp:attachment":[{"href":"https:\/\/stalma.com.pl\/cs\/wp-json\/wp\/v2\/media?parent=871"}],"curies":[{"name":"wp","href":"https:\/\/api.w.org\/{rel}","templated":true}]}}