{"id":789,"date":"2018-05-21T11:10:11","date_gmt":"2018-05-21T10:10:11","guid":{"rendered":"https:\/\/stalma.com.pl\/oferta\/techniczne-warunki-wykonania\/"},"modified":"2026-02-13T10:32:39","modified_gmt":"2026-02-13T09:32:39","slug":"technicke-podminky-provedeni","status":"publish","type":"page","link":"https:\/\/stalma.com.pl\/cs\/nabidka\/technicke-podminky-provedeni\/","title":{"rendered":"Technick\u00e9 podm\u00ednky proveden\u00ed"},"content":{"rendered":"","protected":false},"excerpt":{"rendered":"","protected":false},"author":4,"featured_media":599,"parent":777,"menu_order":1,"comment_status":"closed","ping_status":"closed","template":"","meta":[],"acf":[],"_links":{"self":[{"href":"https:\/\/stalma.com.pl\/cs\/wp-json\/wp\/v2\/pages\/789"}],"collection":[{"href":"https:\/\/stalma.com.pl\/cs\/wp-json\/wp\/v2\/pages"}],"about":[{"href":"https:\/\/stalma.com.pl\/cs\/wp-json\/wp\/v2\/types\/page"}],"author":[{"embeddable":true,"href":"https:\/\/stalma.com.pl\/cs\/wp-json\/wp\/v2\/users\/4"}],"replies":[{"embeddable":true,"href":"https:\/\/stalma.com.pl\/cs\/wp-json\/wp\/v2\/comments?post=789"}],"version-history":[{"count":23,"href":"https:\/\/stalma.com.pl\/cs\/wp-json\/wp\/v2\/pages\/789\/revisions"}],"predecessor-version":[{"id":5385,"href":"https:\/\/stalma.com.pl\/cs\/wp-json\/wp\/v2\/pages\/789\/revisions\/5385"}],"up":[{"embeddable":true,"href":"https:\/\/stalma.com.pl\/cs\/wp-json\/wp\/v2\/pages\/777"}],"wp:featuredmedia":[{"embeddable":true,"href":"https:\/\/stalma.com.pl\/cs\/wp-json\/wp\/v2\/media\/599"}],"wp:attachment":[{"href":"https:\/\/stalma.com.pl\/cs\/wp-json\/wp\/v2\/media?parent=789"}],"curies":[{"name":"wp","href":"https:\/\/api.w.org\/{rel}","templated":true}]}}