{"id":4790,"date":"2024-08-22T08:45:22","date_gmt":"2024-08-22T07:45:22","guid":{"rendered":"https:\/\/stalma.com.pl\/?page_id=4790"},"modified":"2025-12-04T14:05:22","modified_gmt":"2025-12-04T13:05:22","slug":"informacni-dolozka-gdpr","status":"publish","type":"page","link":"https:\/\/stalma.com.pl\/cs\/informacni-dolozka-gdpr\/","title":{"rendered":"Informa\u010dn\u00ed dolo\u017eka GDPR"},"content":{"rendered":"","protected":false},"excerpt":{"rendered":"","protected":false},"author":4,"featured_media":4449,"parent":0,"menu_order":0,"comment_status":"closed","ping_status":"closed","template":"","meta":[],"acf":[],"_links":{"self":[{"href":"https:\/\/stalma.com.pl\/cs\/wp-json\/wp\/v2\/pages\/4790"}],"collection":[{"href":"https:\/\/stalma.com.pl\/cs\/wp-json\/wp\/v2\/pages"}],"about":[{"href":"https:\/\/stalma.com.pl\/cs\/wp-json\/wp\/v2\/types\/page"}],"author":[{"embeddable":true,"href":"https:\/\/stalma.com.pl\/cs\/wp-json\/wp\/v2\/users\/4"}],"replies":[{"embeddable":true,"href":"https:\/\/stalma.com.pl\/cs\/wp-json\/wp\/v2\/comments?post=4790"}],"version-history":[{"count":7,"href":"https:\/\/stalma.com.pl\/cs\/wp-json\/wp\/v2\/pages\/4790\/revisions"}],"predecessor-version":[{"id":5296,"href":"https:\/\/stalma.com.pl\/cs\/wp-json\/wp\/v2\/pages\/4790\/revisions\/5296"}],"wp:featuredmedia":[{"embeddable":true,"href":"https:\/\/stalma.com.pl\/cs\/wp-json\/wp\/v2\/media\/4449"}],"wp:attachment":[{"href":"https:\/\/stalma.com.pl\/cs\/wp-json\/wp\/v2\/media?parent=4790"}],"curies":[{"name":"wp","href":"https:\/\/api.w.org\/{rel}","templated":true}]}}