{"id":4782,"date":"2024-08-21T13:55:26","date_gmt":"2024-08-21T12:55:26","guid":{"rendered":"https:\/\/stalma.com.pl\/?page_id=4782"},"modified":"2026-04-09T11:35:47","modified_gmt":"2026-04-09T10:35:47","slug":"vseobecne-obchodni-a-dodaci-podminky-prodej","status":"publish","type":"page","link":"https:\/\/stalma.com.pl\/cs\/vseobecne-obchodni-a-dodaci-podminky-prodej\/","title":{"rendered":"V\u0161eobecn\u00e9 obchodn\u00ed a dodac\u00ed podm\u00ednky \u2013 prodej"},"content":{"rendered":"","protected":false},"excerpt":{"rendered":"","protected":false},"author":4,"featured_media":4444,"parent":0,"menu_order":0,"comment_status":"closed","ping_status":"closed","template":"","meta":[],"acf":[],"_links":{"self":[{"href":"https:\/\/stalma.com.pl\/cs\/wp-json\/wp\/v2\/pages\/4782"}],"collection":[{"href":"https:\/\/stalma.com.pl\/cs\/wp-json\/wp\/v2\/pages"}],"about":[{"href":"https:\/\/stalma.com.pl\/cs\/wp-json\/wp\/v2\/types\/page"}],"author":[{"embeddable":true,"href":"https:\/\/stalma.com.pl\/cs\/wp-json\/wp\/v2\/users\/4"}],"replies":[{"embeddable":true,"href":"https:\/\/stalma.com.pl\/cs\/wp-json\/wp\/v2\/comments?post=4782"}],"version-history":[{"count":8,"href":"https:\/\/stalma.com.pl\/cs\/wp-json\/wp\/v2\/pages\/4782\/revisions"}],"predecessor-version":[{"id":5462,"href":"https:\/\/stalma.com.pl\/cs\/wp-json\/wp\/v2\/pages\/4782\/revisions\/5462"}],"wp:featuredmedia":[{"embeddable":true,"href":"https:\/\/stalma.com.pl\/cs\/wp-json\/wp\/v2\/media\/4444"}],"wp:attachment":[{"href":"https:\/\/stalma.com.pl\/cs\/wp-json\/wp\/v2\/media?parent=4782"}],"curies":[{"name":"wp","href":"https:\/\/api.w.org\/{rel}","templated":true}]}}